{"id":121,"date":"2025-11-12T09:00:00","date_gmt":"2025-11-12T14:00:00","guid":{"rendered":"http:\/\/ccsp.wpdev0.koumbit.net\/?page_id=121"},"modified":"2026-01-29T12:16:48","modified_gmt":"2026-01-29T17:16:48","slug":"historique","status":"publish","type":"page","link":"https:\/\/ccsp.wpdev0.koumbit.net\/index.php\/historique\/","title":{"rendered":"Historique"},"content":{"rendered":"\n<p>La petite histoire du Carrefour communautaire Saint- Paul d\u00e9bute \u00e0 <strong>l\u2019automne 1997<\/strong>. La fondatrice, madame Fran\u00e7oise Gagnon, membre de la congr\u00e9gation Notre\u2010Dame\u2010du\u2010Bon\u2010Conseil et citoyenne du quartier Saint\u2010Paul, en association avec monsieur Carol B\u00e9langer, diacre, et d\u2019autres membres de la paroisse Saint-Paul, forment un comit\u00e9 d\u2019action sociale. Face aux besoins des jeunes et de la population adulte, observant l\u2019absence de vie communautaire, le comit\u00e9 \u00e9labore un projet visant \u00e0 doter le quartier d\u2019une maison d\u2019animation et de projets collectifs. Grace \u00e0 l\u2019obtention d\u2019une aide financi\u00e8re de 20 000 $, provenant de cinq communaut\u00e9s religieuses, le Carrefour embauche une premi\u00e8re intervenante-coordonnatrice, Mme Lise Leclerc .<\/p>\n\n\n\n<p><strong>\u00c0 l\u2019automne 1998,<\/strong> le Centre de soir\u2010enfants 6-12 ans ouvre ses portes avec 45 enfants. L\u2019intervenante y travaille avec un comit\u00e9 d\u2019appui form\u00e9 d\u2019une repr\u00e9sentante de chacun des organismes suivants : le CLSC, le C\u00e9gep de Jonqui\u00e8re, le conseil d\u2019administration du Carrefour, les parents et l\u2019\u00e9cole. Finalement, <strong>c\u2019est en 1999, <\/strong>que le Carrefour Communautaire St-Paul est l\u00e9galement constitu\u00e9 comme organisme sans but lucratif .<\/p>\n\n\n\n<p>Depuis maintenant 25 ans, le Centre de soir-Enfants 6-12 ans (CDS) accueille les enfants du quartier Saint-Paul qui fr\u00e9quentent l\u2019\u00e9cole de La Pulperie. Le Centre de soir-Enfants ne se limite pas \u00e0 l\u2019aide aux devoirs mais vise \u00e0 d\u00e9velopper des activit\u00e9s de valorisation et de comp\u00e9tence personnelle et sociale chez les enfants et leur famille. En 2020, le CDS effectue un virage vers la p\u00e9dagogie par la nature et l\u2019intervention par la nature et l\u2019aventure (INA) avec le projet Saint- Paul en nature.<\/p>\n\n\n\n<p>C\u2019est par les f\u00eates de quartier que s\u2019est amorc\u00e9 le travail de <strong>l&rsquo;Animation de quartier<\/strong> ( AQ ). Au cours de l\u2019ann\u00e9e 2000, le Carrefour engage une intervenante, Mme Mirtha Domenack, charg\u00e9e du d\u00e9veloppement de ce volet. Plusieurs comit\u00e9s citoyens et de nombreux projets verront le jour. On pouvait lire dans les pages du journal La Briquade, pour souligner les 5 ans de l\u2019un des premiers comit\u00e9s citoyens impuls\u00e9 par le Carrefour, que: \u00ab Dans un souci d\u2019une plus grande prise en charge de la vie associative et des activit\u00e9s de loisir des citoyens du quartier, le Carrefour communautaire a suscit\u00e9 la mise sur pied de la corporation des loisirs de la Briquade. N\u00e9e d\u2019une initiative citoyenne en novembre 2003, la Corporation des loisirs a toujours cherch\u00e9 \u00e0 r\u00e9pondre du mieux qu\u2019elle le pouvait aux besoins des gens du quartier Saint-Paul. De nombreux projets sont n\u00e9s de ce groupe, que ce soit en partenariat avec le Carrefour ou seul, dont la populaire f\u00eate nationale, la f\u00eate d\u2019Halloween au pavillon des loisirs, la patinoire, le jardin communautaire, [&#8230;] etc. \u00bb.(extrait novembre 2008). Depuis , d\u2019autres comit\u00e9s form\u00e9s de citoyens et de citoyennes du quartier ont pris la rel\u00e8ve de la Corporation des loisirs (2003-2011) dont : le Comit\u00e9 de valorisation du quartier , qui a f\u00eat\u00e9 en mai 2014 ses 10 ans, et le R\u00e9seau-action Saint-Paul (RAmit\u00e9 ) qui pour sa part a \u00e9t\u00e9 fond\u00e9 en f\u00e9vrier 2022.<\/p>\n\n\n\n<div class=\"wp-block-buttons is-content-justification-center is-layout-flex wp-container-core-buttons-is-layout-a89b3969 wp-block-buttons-is-layout-flex\">\n<div class=\"wp-block-button\"><a class=\"wp-block-button__link wp-element-button\" href=\"https:\/\/ccsp.wpdev0.koumbit.net\/wp-content\/uploads\/2026\/01\/La-Briquade-edition-special-25-ans-Numero-87-8.5-x-11-po-1.pdf\">La Briquade , \u00c9dition  25 ans<\/a><\/div>\n<\/div>\n\n\n\n<p><\/p>\n","protected":false},"excerpt":{"rendered":"<p>La petite histoire du Carrefour communautaire Saint- Paul d\u00e9bute \u00e0 l\u2019automne 1997. La fondatrice, madame Fran\u00e7oise Gagnon, membre de la congr\u00e9gation Notre\u2010Dame\u2010du\u2010Bon\u2010Conseil et citoyenne du quartier Saint\u2010Paul, en association avec [&hellip;]<\/p>\n","protected":false},"author":1,"featured_media":0,"parent":0,"menu_order":0,"comment_status":"closed","ping_status":"closed","template":"","meta":{"_acf_changed":false,"site-sidebar-layout":"default","site-content-layout":"","ast-site-content-layout":"default","site-content-style":"default","site-sidebar-style":"default","ast-global-header-display":"","ast-banner-title-visibility":"","ast-main-header-display":"","ast-hfb-above-header-display":"","ast-hfb-below-header-display":"","ast-hfb-mobile-header-display":"","site-post-title":"","ast-breadcrumbs-content":"","ast-featured-img":"","footer-sml-layout":"","ast-disable-related-posts":"","theme-transparent-header-meta":"","adv-header-id-meta":"","stick-header-meta":"","header-above-stick-meta":"","header-main-stick-meta":"","header-below-stick-meta":"","astra-migrate-meta-layouts":"default","ast-page-background-enabled":"default","ast-page-background-meta":{"desktop":{"background-color":"var(--ast-global-color-5)","background-image":"","background-repeat":"repeat","background-position":"center center","background-size":"auto","background-attachment":"scroll","background-type":"","background-media":"","overlay-type":"","overlay-color":"","overlay-opacity":"","overlay-gradient":""},"tablet":{"background-color":"","background-image":"","background-repeat":"repeat","background-position":"center center","background-size":"auto","background-attachment":"scroll","background-type":"","background-media":"","overlay-type":"","overlay-color":"","overlay-opacity":"","overlay-gradient":""},"mobile":{"background-color":"","background-image":"","background-repeat":"repeat","background-position":"center center","background-size":"auto","background-attachment":"scroll","background-type":"","background-media":"","overlay-type":"","overlay-color":"","overlay-opacity":"","overlay-gradient":""}},"ast-content-background-meta":{"desktop":{"background-color":"var(--ast-global-color-4)","background-image":"","background-repeat":"repeat","background-position":"center center","background-size":"auto","background-attachment":"scroll","background-type":"","background-media":"","overlay-type":"","overlay-color":"","overlay-opacity":"","overlay-gradient":""},"tablet":{"background-color":"var(--ast-global-color-4)","background-image":"","background-repeat":"repeat","background-position":"center center","background-size":"auto","background-attachment":"scroll","background-type":"","background-media":"","overlay-type":"","overlay-color":"","overlay-opacity":"","overlay-gradient":""},"mobile":{"background-color":"var(--ast-global-color-4)","background-image":"","background-repeat":"repeat","background-position":"center center","background-size":"auto","background-attachment":"scroll","background-type":"","background-media":"","overlay-type":"","overlay-color":"","overlay-opacity":"","overlay-gradient":""}},"_EventAllDay":false,"_EventTimezone":"","_EventStartDate":"","_EventEndDate":"","_EventStartDateUTC":"","_EventEndDateUTC":"","_EventShowMap":false,"_EventShowMapLink":false,"_EventURL":"","_EventCost":"","_EventCostDescription":"","_EventCurrencySymbol":"","_EventCurrencyCode":"","_EventCurrencyPosition":"","_EventDateTimeSeparator":"","_EventTimeRangeSeparator":"","_EventOrganizerID":[],"_EventVenueID":[],"_OrganizerEmail":"","_OrganizerPhone":"","_OrganizerWebsite":"","_VenueAddress":"","_VenueCity":"","_VenueCountry":"","_VenueProvince":"","_VenueState":"","_VenueZip":"","_VenuePhone":"","_VenueURL":"","_VenueStateProvince":"","_VenueLat":"","_VenueLng":"","_VenueShowMap":false,"_VenueShowMapLink":false,"footnotes":""},"class_list":["post-121","page","type-page","status-publish","hentry"],"acf":[],"_links":{"self":[{"href":"https:\/\/ccsp.wpdev0.koumbit.net\/index.php\/wp-json\/wp\/v2\/pages\/121","targetHints":{"allow":["GET"]}}],"collection":[{"href":"https:\/\/ccsp.wpdev0.koumbit.net\/index.php\/wp-json\/wp\/v2\/pages"}],"about":[{"href":"https:\/\/ccsp.wpdev0.koumbit.net\/index.php\/wp-json\/wp\/v2\/types\/page"}],"author":[{"embeddable":true,"href":"https:\/\/ccsp.wpdev0.koumbit.net\/index.php\/wp-json\/wp\/v2\/users\/1"}],"replies":[{"embeddable":true,"href":"https:\/\/ccsp.wpdev0.koumbit.net\/index.php\/wp-json\/wp\/v2\/comments?post=121"}],"version-history":[{"count":13,"href":"https:\/\/ccsp.wpdev0.koumbit.net\/index.php\/wp-json\/wp\/v2\/pages\/121\/revisions"}],"predecessor-version":[{"id":732,"href":"https:\/\/ccsp.wpdev0.koumbit.net\/index.php\/wp-json\/wp\/v2\/pages\/121\/revisions\/732"}],"wp:attachment":[{"href":"https:\/\/ccsp.wpdev0.koumbit.net\/index.php\/wp-json\/wp\/v2\/media?parent=121"}],"curies":[{"name":"wp","href":"https:\/\/api.w.org\/{rel}","templated":true}]}}