{"id":126,"date":"2025-11-12T09:01:06","date_gmt":"2025-11-12T14:01:06","guid":{"rendered":"http:\/\/ccsp.wpdev0.koumbit.net\/?page_id=126"},"modified":"2026-01-15T11:19:52","modified_gmt":"2026-01-15T16:19:52","slug":"sentier-des-deux-roches-cvq","status":"publish","type":"page","link":"https:\/\/ccsp.wpdev0.koumbit.net\/index.php\/sentier-des-deux-roches-cvq\/","title":{"rendered":"Sentier des Deux Roches (CVQ)"},"content":{"rendered":"\n<div class=\"wp-block-media-text is-stacked-on-mobile\"><figure class=\"wp-block-media-text__media\"><img loading=\"lazy\" decoding=\"async\" width=\"1024\" height=\"768\" src=\"https:\/\/ccsp.wpdev0.koumbit.net\/wp-content\/uploads\/2026\/01\/532554810_766852166043475_8161076471526380963_n-1024x768.jpg\" alt=\"\" class=\"wp-image-503 size-full\" srcset=\"https:\/\/ccsp.wpdev0.koumbit.net\/wp-content\/uploads\/2026\/01\/532554810_766852166043475_8161076471526380963_n-1024x768.jpg 1024w, https:\/\/ccsp.wpdev0.koumbit.net\/wp-content\/uploads\/2026\/01\/532554810_766852166043475_8161076471526380963_n-300x225.jpg 300w, https:\/\/ccsp.wpdev0.koumbit.net\/wp-content\/uploads\/2026\/01\/532554810_766852166043475_8161076471526380963_n-768x576.jpg 768w, https:\/\/ccsp.wpdev0.koumbit.net\/wp-content\/uploads\/2026\/01\/532554810_766852166043475_8161076471526380963_n-1536x1152.jpg 1536w, https:\/\/ccsp.wpdev0.koumbit.net\/wp-content\/uploads\/2026\/01\/532554810_766852166043475_8161076471526380963_n.jpg 2048w\" sizes=\"auto, (max-width: 1024px) 100vw, 1024px\" \/><\/figure><div class=\"wp-block-media-text__content\">\n<p class=\"has-text-align-center has-large-font-size\">\u00ab\u00a0Les gens du quartier et les visiteurs peuvent d\u00e9sormais profiter d\u2019un panorama imprenable sur le secteur Saint-Paul, le centre-ville de Chicoutimi et les b\u00e2timents historiques de la Pulperie\u00a0\u00bb- M. Michel Michaud, membre du CVQ.<\/p>\n<\/div><\/div>\n\n\n\n<p>Apr\u00e8s une interruption de plusieurs ann\u00e9es, les travaux d&rsquo;am\u00e9nagement du <strong>sentier panoramique des deux roches<\/strong> ont enfin \u00e9t\u00e9 parachev\u00e9s \u00e0 l&rsquo;\u00e9t\u00e9 2024. Ce projet, situ\u00e9 en haut de la rue Cimon (\u00e0 proximit\u00e9 du parc et de Sagym), avait \u00e9t\u00e9 initialement planifi\u00e9 par les Verts-Bois\u00e9s du Fjord. Pour les membres du comit\u00e9 de valorisation du quartier (CVQ), c&rsquo;est une immense satisfaction de voir ce sentier se concr\u00e9tiser, lui qui figurait parmi les trois priorit\u00e9s identifi\u00e9es d\u00e8s la fondation du comit\u00e9 en 2014.<\/p>\n\n\n\n<p>Le comit\u00e9 vous invite chaleureusement \u00e0 venir d\u00e9couvrir ou red\u00e9couvrir ce point de vue exceptionnel, d\u00e9sormais accessible \u00e0 tous et toutes.<\/p>\n\n\n\n<iframe src=\"https:\/\/www.google.com\/maps\/embed?pb=!1m18!1m12!1m3!1d5295.923485954007!2d-71.0849542205059!3d48.418878781107445!2m3!1f0!2f0!3f0!3m2!1i1024!2i768!4f13.1!3m3!1m2!1s0x4cc0273bbd006349%3A0x253e0f22419d5446!2s420%20Rue%20Cimon%2C%20Chicoutimi%2C%20QC%20G7J%202E2!5e0!3m2!1sfr!2sca!4v1768491295094!5m2!1sfr!2sca\" width=\"600\" height=\"450\" style=\"border:0;\" allowfullscreen=\"\" loading=\"lazy\" referrerpolicy=\"no-referrer-when-downgrade\"><\/iframe>\n\n\n\n<p><\/p>\n","protected":false},"excerpt":{"rendered":"<p>\u00ab\u00a0Les gens du quartier et les visiteurs peuvent d\u00e9sormais profiter d\u2019un panorama imprenable sur le secteur Saint-Paul, le centre-ville de Chicoutimi et les b\u00e2timents historiques de la Pulperie\u00a0\u00bb- M. Michel [&hellip;]<\/p>\n","protected":false},"author":1,"featured_media":0,"parent":0,"menu_order":0,"comment_status":"closed","ping_status":"closed","template":"","meta":{"_acf_changed":false,"site-sidebar-layout":"default","site-content-layout":"","ast-site-content-layout":"default","site-content-style":"default","site-sidebar-style":"default","ast-global-header-display":"","ast-banner-title-visibility":"","ast-main-header-display":"","ast-hfb-above-header-display":"","ast-hfb-below-header-display":"","ast-hfb-mobile-header-display":"","site-post-title":"","ast-breadcrumbs-content":"","ast-featured-img":"","footer-sml-layout":"","ast-disable-related-posts":"","theme-transparent-header-meta":"","adv-header-id-meta":"","stick-header-meta":"","header-above-stick-meta":"","header-main-stick-meta":"","header-below-stick-meta":"","astra-migrate-meta-layouts":"default","ast-page-background-enabled":"default","ast-page-background-meta":{"desktop":{"background-color":"var(--ast-global-color-5)","background-image":"","background-repeat":"repeat","background-position":"center center","background-size":"auto","background-attachment":"scroll","background-type":"","background-media":"","overlay-type":"","overlay-color":"","overlay-opacity":"","overlay-gradient":""},"tablet":{"background-color":"","background-image":"","background-repeat":"repeat","background-position":"center center","background-size":"auto","background-attachment":"scroll","background-type":"","background-media":"","overlay-type":"","overlay-color":"","overlay-opacity":"","overlay-gradient":""},"mobile":{"background-color":"","background-image":"","background-repeat":"repeat","background-position":"center center","background-size":"auto","background-attachment":"scroll","background-type":"","background-media":"","overlay-type":"","overlay-color":"","overlay-opacity":"","overlay-gradient":""}},"ast-content-background-meta":{"desktop":{"background-color":"var(--ast-global-color-4)","background-image":"","background-repeat":"repeat","background-position":"center center","background-size":"auto","background-attachment":"scroll","background-type":"","background-media":"","overlay-type":"","overlay-color":"","overlay-opacity":"","overlay-gradient":""},"tablet":{"background-color":"var(--ast-global-color-4)","background-image":"","background-repeat":"repeat","background-position":"center center","background-size":"auto","background-attachment":"scroll","background-type":"","background-media":"","overlay-type":"","overlay-color":"","overlay-opacity":"","overlay-gradient":""},"mobile":{"background-color":"var(--ast-global-color-4)","background-image":"","background-repeat":"repeat","background-position":"center center","background-size":"auto","background-attachment":"scroll","background-type":"","background-media":"","overlay-type":"","overlay-color":"","overlay-opacity":"","overlay-gradient":""}},"_EventAllDay":false,"_EventTimezone":"","_EventStartDate":"","_EventEndDate":"","_EventStartDateUTC":"","_EventEndDateUTC":"","_EventShowMap":false,"_EventShowMapLink":false,"_EventURL":"","_EventCost":"","_EventCostDescription":"","_EventCurrencySymbol":"","_EventCurrencyCode":"","_EventCurrencyPosition":"","_EventDateTimeSeparator":"","_EventTimeRangeSeparator":"","_EventOrganizerID":[],"_EventVenueID":[],"_OrganizerEmail":"","_OrganizerPhone":"","_OrganizerWebsite":"","_VenueAddress":"","_VenueCity":"","_VenueCountry":"","_VenueProvince":"","_VenueState":"","_VenueZip":"","_VenuePhone":"","_VenueURL":"","_VenueStateProvince":"","_VenueLat":"","_VenueLng":"","_VenueShowMap":false,"_VenueShowMapLink":false,"footnotes":""},"class_list":["post-126","page","type-page","status-publish","hentry"],"acf":[],"_links":{"self":[{"href":"https:\/\/ccsp.wpdev0.koumbit.net\/index.php\/wp-json\/wp\/v2\/pages\/126","targetHints":{"allow":["GET"]}}],"collection":[{"href":"https:\/\/ccsp.wpdev0.koumbit.net\/index.php\/wp-json\/wp\/v2\/pages"}],"about":[{"href":"https:\/\/ccsp.wpdev0.koumbit.net\/index.php\/wp-json\/wp\/v2\/types\/page"}],"author":[{"embeddable":true,"href":"https:\/\/ccsp.wpdev0.koumbit.net\/index.php\/wp-json\/wp\/v2\/users\/1"}],"replies":[{"embeddable":true,"href":"https:\/\/ccsp.wpdev0.koumbit.net\/index.php\/wp-json\/wp\/v2\/comments?post=126"}],"version-history":[{"count":5,"href":"https:\/\/ccsp.wpdev0.koumbit.net\/index.php\/wp-json\/wp\/v2\/pages\/126\/revisions"}],"predecessor-version":[{"id":508,"href":"https:\/\/ccsp.wpdev0.koumbit.net\/index.php\/wp-json\/wp\/v2\/pages\/126\/revisions\/508"}],"wp:attachment":[{"href":"https:\/\/ccsp.wpdev0.koumbit.net\/index.php\/wp-json\/wp\/v2\/media?parent=126"}],"curies":[{"name":"wp","href":"https:\/\/api.w.org\/{rel}","templated":true}]}}