{"id":128,"date":"2025-11-12T09:00:55","date_gmt":"2025-11-12T14:00:55","guid":{"rendered":"http:\/\/ccsp.wpdev0.koumbit.net\/?page_id=128"},"modified":"2026-01-14T16:07:20","modified_gmt":"2026-01-14T21:07:20","slug":"ferme-urbaine","status":"publish","type":"page","link":"https:\/\/ccsp.wpdev0.koumbit.net\/index.php\/ferme-urbaine\/","title":{"rendered":"Jardin communautaire des Deux Roches"},"content":{"rendered":"\n<p>En collaboration avec les citoyens et citoyennes, l&rsquo;\u00e9cole La Pulperie et le Centre de Soir-Enfant, nous favorisons l&rsquo;acc\u00e8s \u00e0 l&rsquo;agriculture urbaine tout en renfor\u00e7ant le sentiment d&rsquo;appartenance \u00e0 la communaut\u00e9. Ce projet contribue \u00e0 la cr\u00e9ation d&rsquo;espaces inclusifs et s\u00e9curitaires pour tous et toutes. Par le biais des f\u00eates de jardin, nous valorisons le savoir-faire des citoyens et citoyennes, renfor\u00e7ant ainsi leur sentiment de comp\u00e9tence.<\/p>\n\n\n\n<figure class=\"wp-block-image aligncenter size-large\"><img loading=\"lazy\" decoding=\"async\" width=\"769\" height=\"1024\" src=\"http:\/\/ccsp.wpdev0.koumbit.net\/wp-content\/uploads\/2025\/11\/549354804_828947903124322_8018623254905673058_n-769x1024.jpg\" alt=\"\" class=\"wp-image-8\" srcset=\"https:\/\/ccsp.wpdev0.koumbit.net\/wp-content\/uploads\/2025\/11\/549354804_828947903124322_8018623254905673058_n-769x1024.jpg 769w, https:\/\/ccsp.wpdev0.koumbit.net\/wp-content\/uploads\/2025\/11\/549354804_828947903124322_8018623254905673058_n-225x300.jpg 225w, https:\/\/ccsp.wpdev0.koumbit.net\/wp-content\/uploads\/2025\/11\/549354804_828947903124322_8018623254905673058_n-768x1023.jpg 768w, https:\/\/ccsp.wpdev0.koumbit.net\/wp-content\/uploads\/2025\/11\/549354804_828947903124322_8018623254905673058_n-1153x1536.jpg 1153w, https:\/\/ccsp.wpdev0.koumbit.net\/wp-content\/uploads\/2025\/11\/549354804_828947903124322_8018623254905673058_n.jpg 1180w\" sizes=\"auto, (max-width: 769px) 100vw, 769px\" \/><\/figure>\n","protected":false},"excerpt":{"rendered":"<p>En collaboration avec les citoyens et citoyennes, l&rsquo;\u00e9cole La Pulperie et le Centre de Soir-Enfant, nous favorisons l&rsquo;acc\u00e8s \u00e0 l&rsquo;agriculture urbaine tout en renfor\u00e7ant le sentiment d&rsquo;appartenance \u00e0 la communaut\u00e9. [&hellip;]<\/p>\n","protected":false},"author":1,"featured_media":0,"parent":0,"menu_order":0,"comment_status":"closed","ping_status":"closed","template":"","meta":{"_acf_changed":false,"site-sidebar-layout":"default","site-content-layout":"","ast-site-content-layout":"default","site-content-style":"default","site-sidebar-style":"default","ast-global-header-display":"","ast-banner-title-visibility":"","ast-main-header-display":"","ast-hfb-above-header-display":"","ast-hfb-below-header-display":"","ast-hfb-mobile-header-display":"","site-post-title":"","ast-breadcrumbs-content":"","ast-featured-img":"","footer-sml-layout":"","ast-disable-related-posts":"","theme-transparent-header-meta":"","adv-header-id-meta":"","stick-header-meta":"","header-above-stick-meta":"","header-main-stick-meta":"","header-below-stick-meta":"","astra-migrate-meta-layouts":"default","ast-page-background-enabled":"default","ast-page-background-meta":{"desktop":{"background-color":"var(--ast-global-color-5)","background-image":"","background-repeat":"repeat","background-position":"center center","background-size":"auto","background-attachment":"scroll","background-type":"","background-media":"","overlay-type":"","overlay-color":"","overlay-opacity":"","overlay-gradient":""},"tablet":{"background-color":"","background-image":"","background-repeat":"repeat","background-position":"center center","background-size":"auto","background-attachment":"scroll","background-type":"","background-media":"","overlay-type":"","overlay-color":"","overlay-opacity":"","overlay-gradient":""},"mobile":{"background-color":"","background-image":"","background-repeat":"repeat","background-position":"center center","background-size":"auto","background-attachment":"scroll","background-type":"","background-media":"","overlay-type":"","overlay-color":"","overlay-opacity":"","overlay-gradient":""}},"ast-content-background-meta":{"desktop":{"background-color":"var(--ast-global-color-4)","background-image":"","background-repeat":"repeat","background-position":"center center","background-size":"auto","background-attachment":"scroll","background-type":"","background-media":"","overlay-type":"","overlay-color":"","overlay-opacity":"","overlay-gradient":""},"tablet":{"background-color":"var(--ast-global-color-4)","background-image":"","background-repeat":"repeat","background-position":"center center","background-size":"auto","background-attachment":"scroll","background-type":"","background-media":"","overlay-type":"","overlay-color":"","overlay-opacity":"","overlay-gradient":""},"mobile":{"background-color":"var(--ast-global-color-4)","background-image":"","background-repeat":"repeat","background-position":"center center","background-size":"auto","background-attachment":"scroll","background-type":"","background-media":"","overlay-type":"","overlay-color":"","overlay-opacity":"","overlay-gradient":""}},"_EventAllDay":false,"_EventTimezone":"","_EventStartDate":"","_EventEndDate":"","_EventStartDateUTC":"","_EventEndDateUTC":"","_EventShowMap":false,"_EventShowMapLink":false,"_EventURL":"","_EventCost":"","_EventCostDescription":"","_EventCurrencySymbol":"","_EventCurrencyCode":"","_EventCurrencyPosition":"","_EventDateTimeSeparator":"","_EventTimeRangeSeparator":"","_EventOrganizerID":[],"_EventVenueID":[],"_OrganizerEmail":"","_OrganizerPhone":"","_OrganizerWebsite":"","_VenueAddress":"","_VenueCity":"","_VenueCountry":"","_VenueProvince":"","_VenueState":"","_VenueZip":"","_VenuePhone":"","_VenueURL":"","_VenueStateProvince":"","_VenueLat":"","_VenueLng":"","_VenueShowMap":false,"_VenueShowMapLink":false,"footnotes":""},"class_list":["post-128","page","type-page","status-publish","hentry"],"acf":[],"_links":{"self":[{"href":"https:\/\/ccsp.wpdev0.koumbit.net\/index.php\/wp-json\/wp\/v2\/pages\/128","targetHints":{"allow":["GET"]}}],"collection":[{"href":"https:\/\/ccsp.wpdev0.koumbit.net\/index.php\/wp-json\/wp\/v2\/pages"}],"about":[{"href":"https:\/\/ccsp.wpdev0.koumbit.net\/index.php\/wp-json\/wp\/v2\/types\/page"}],"author":[{"embeddable":true,"href":"https:\/\/ccsp.wpdev0.koumbit.net\/index.php\/wp-json\/wp\/v2\/users\/1"}],"replies":[{"embeddable":true,"href":"https:\/\/ccsp.wpdev0.koumbit.net\/index.php\/wp-json\/wp\/v2\/comments?post=128"}],"version-history":[{"count":4,"href":"https:\/\/ccsp.wpdev0.koumbit.net\/index.php\/wp-json\/wp\/v2\/pages\/128\/revisions"}],"predecessor-version":[{"id":435,"href":"https:\/\/ccsp.wpdev0.koumbit.net\/index.php\/wp-json\/wp\/v2\/pages\/128\/revisions\/435"}],"wp:attachment":[{"href":"https:\/\/ccsp.wpdev0.koumbit.net\/index.php\/wp-json\/wp\/v2\/media?parent=128"}],"curies":[{"name":"wp","href":"https:\/\/api.w.org\/{rel}","templated":true}]}}