{"id":136,"date":"2025-11-12T09:02:39","date_gmt":"2025-11-12T14:02:39","guid":{"rendered":"http:\/\/ccsp.wpdev0.koumbit.net\/?page_id=136"},"modified":"2026-01-25T09:00:31","modified_gmt":"2026-01-25T14:00:31","slug":"fete-de-quartier","status":"publish","type":"page","link":"https:\/\/ccsp.wpdev0.koumbit.net\/index.php\/fete-de-quartier\/","title":{"rendered":"F\u00eate de quartier"},"content":{"rendered":"\n<p>Qu&rsquo;il s&rsquo;agisse de No\u00ebl ou de la F\u00eate nationale, nos festivit\u00e9s locales permettent aux organisateurs  et organisatrices de s&rsquo;investir concr\u00e8tement dans leur milieu. Au-del\u00e0 du plaisir de se rassembler, ces moments renforcent les liens entre voisins et voisines. Ils dynamisent la vie de quartier en tissant un r\u00e9seau social solidaire o\u00f9 les cultures et les g\u00e9n\u00e9rations se rencontrent avec enthousiasme.<\/p>\n\n\n\n<figure class=\"wp-block-gallery has-nested-images columns-default is-cropped wp-block-gallery-1 is-layout-flex wp-block-gallery-is-layout-flex\">\n<figure class=\"wp-block-image size-large\"><img loading=\"lazy\" decoding=\"async\" width=\"1024\" height=\"768\" data-id=\"693\" src=\"https:\/\/ccsp.wpdev0.koumbit.net\/wp-content\/uploads\/2026\/01\/496515200_733363015950136_7196756058523933833_n-1024x768.jpg\" alt=\"\" class=\"wp-image-693\" srcset=\"https:\/\/ccsp.wpdev0.koumbit.net\/wp-content\/uploads\/2026\/01\/496515200_733363015950136_7196756058523933833_n-1024x768.jpg 1024w, https:\/\/ccsp.wpdev0.koumbit.net\/wp-content\/uploads\/2026\/01\/496515200_733363015950136_7196756058523933833_n-300x225.jpg 300w, https:\/\/ccsp.wpdev0.koumbit.net\/wp-content\/uploads\/2026\/01\/496515200_733363015950136_7196756058523933833_n-768x576.jpg 768w, https:\/\/ccsp.wpdev0.koumbit.net\/wp-content\/uploads\/2026\/01\/496515200_733363015950136_7196756058523933833_n-1536x1152.jpg 1536w, https:\/\/ccsp.wpdev0.koumbit.net\/wp-content\/uploads\/2026\/01\/496515200_733363015950136_7196756058523933833_n.jpg 2048w\" sizes=\"auto, (max-width: 1024px) 100vw, 1024px\" \/><\/figure>\n\n\n\n<figure class=\"wp-block-image size-large\"><img loading=\"lazy\" decoding=\"async\" width=\"768\" height=\"1024\" data-id=\"695\" src=\"http:\/\/ccsp.wpdev0.koumbit.net\/wp-content\/uploads\/2026\/01\/495267555_733071172698491_2970173101247756920_n-768x1024.jpg\" alt=\"\" class=\"wp-image-695\" srcset=\"https:\/\/ccsp.wpdev0.koumbit.net\/wp-content\/uploads\/2026\/01\/495267555_733071172698491_2970173101247756920_n-768x1024.jpg 768w, https:\/\/ccsp.wpdev0.koumbit.net\/wp-content\/uploads\/2026\/01\/495267555_733071172698491_2970173101247756920_n-225x300.jpg 225w, https:\/\/ccsp.wpdev0.koumbit.net\/wp-content\/uploads\/2026\/01\/495267555_733071172698491_2970173101247756920_n-1152x1536.jpg 1152w, https:\/\/ccsp.wpdev0.koumbit.net\/wp-content\/uploads\/2026\/01\/495267555_733071172698491_2970173101247756920_n.jpg 1536w\" sizes=\"auto, (max-width: 768px) 100vw, 768px\" \/><\/figure>\n\n\n\n<figure class=\"wp-block-image size-large\"><img loading=\"lazy\" decoding=\"async\" width=\"1024\" height=\"768\" data-id=\"696\" src=\"http:\/\/ccsp.wpdev0.koumbit.net\/wp-content\/uploads\/2026\/01\/508002058_1448609382800650_7985740381103697953_n-1024x768.jpg\" alt=\"\" class=\"wp-image-696\" srcset=\"https:\/\/ccsp.wpdev0.koumbit.net\/wp-content\/uploads\/2026\/01\/508002058_1448609382800650_7985740381103697953_n-1024x768.jpg 1024w, https:\/\/ccsp.wpdev0.koumbit.net\/wp-content\/uploads\/2026\/01\/508002058_1448609382800650_7985740381103697953_n-300x225.jpg 300w, https:\/\/ccsp.wpdev0.koumbit.net\/wp-content\/uploads\/2026\/01\/508002058_1448609382800650_7985740381103697953_n-768x576.jpg 768w, https:\/\/ccsp.wpdev0.koumbit.net\/wp-content\/uploads\/2026\/01\/508002058_1448609382800650_7985740381103697953_n-1536x1152.jpg 1536w, https:\/\/ccsp.wpdev0.koumbit.net\/wp-content\/uploads\/2026\/01\/508002058_1448609382800650_7985740381103697953_n.jpg 2048w\" sizes=\"auto, (max-width: 1024px) 100vw, 1024px\" \/><\/figure>\n\n\n\n<figure class=\"wp-block-image size-large\"><img loading=\"lazy\" decoding=\"async\" width=\"1024\" height=\"768\" data-id=\"694\" src=\"http:\/\/ccsp.wpdev0.koumbit.net\/wp-content\/uploads\/2026\/01\/595062330_1544981773610943_741933219945939389_n-1024x768.jpg\" alt=\"\" class=\"wp-image-694\" srcset=\"https:\/\/ccsp.wpdev0.koumbit.net\/wp-content\/uploads\/2026\/01\/595062330_1544981773610943_741933219945939389_n-1024x768.jpg 1024w, https:\/\/ccsp.wpdev0.koumbit.net\/wp-content\/uploads\/2026\/01\/595062330_1544981773610943_741933219945939389_n-300x225.jpg 300w, https:\/\/ccsp.wpdev0.koumbit.net\/wp-content\/uploads\/2026\/01\/595062330_1544981773610943_741933219945939389_n-768x576.jpg 768w, https:\/\/ccsp.wpdev0.koumbit.net\/wp-content\/uploads\/2026\/01\/595062330_1544981773610943_741933219945939389_n-1536x1152.jpg 1536w, https:\/\/ccsp.wpdev0.koumbit.net\/wp-content\/uploads\/2026\/01\/595062330_1544981773610943_741933219945939389_n.jpg 2048w\" sizes=\"auto, (max-width: 1024px) 100vw, 1024px\" \/><\/figure>\n<\/figure>\n\n\n\n<div class=\"wp-block-columns is-layout-flex wp-container-core-columns-is-layout-28f84493 wp-block-columns-is-layout-flex\"><\/div>\n","protected":false},"excerpt":{"rendered":"<p>Qu&rsquo;il s&rsquo;agisse de No\u00ebl ou de la F\u00eate nationale, nos festivit\u00e9s locales permettent aux organisateurs et organisatrices de s&rsquo;investir concr\u00e8tement dans leur milieu. Au-del\u00e0 du plaisir de se rassembler, ces [&hellip;]<\/p>\n","protected":false},"author":1,"featured_media":0,"parent":0,"menu_order":0,"comment_status":"closed","ping_status":"closed","template":"","meta":{"_acf_changed":false,"site-sidebar-layout":"default","site-content-layout":"","ast-site-content-layout":"default","site-content-style":"default","site-sidebar-style":"default","ast-global-header-display":"","ast-banner-title-visibility":"","ast-main-header-display":"","ast-hfb-above-header-display":"","ast-hfb-below-header-display":"","ast-hfb-mobile-header-display":"","site-post-title":"","ast-breadcrumbs-content":"","ast-featured-img":"","footer-sml-layout":"","ast-disable-related-posts":"","theme-transparent-header-meta":"","adv-header-id-meta":"","stick-header-meta":"","header-above-stick-meta":"","header-main-stick-meta":"","header-below-stick-meta":"","astra-migrate-meta-layouts":"default","ast-page-background-enabled":"default","ast-page-background-meta":{"desktop":{"background-color":"var(--ast-global-color-5)","background-image":"","background-repeat":"repeat","background-position":"center center","background-size":"auto","background-attachment":"scroll","background-type":"","background-media":"","overlay-type":"","overlay-color":"","overlay-opacity":"","overlay-gradient":""},"tablet":{"background-color":"","background-image":"","background-repeat":"repeat","background-position":"center center","background-size":"auto","background-attachment":"scroll","background-type":"","background-media":"","overlay-type":"","overlay-color":"","overlay-opacity":"","overlay-gradient":""},"mobile":{"background-color":"","background-image":"","background-repeat":"repeat","background-position":"center center","background-size":"auto","background-attachment":"scroll","background-type":"","background-media":"","overlay-type":"","overlay-color":"","overlay-opacity":"","overlay-gradient":""}},"ast-content-background-meta":{"desktop":{"background-color":"var(--ast-global-color-4)","background-image":"","background-repeat":"repeat","background-position":"center center","background-size":"auto","background-attachment":"scroll","background-type":"","background-media":"","overlay-type":"","overlay-color":"","overlay-opacity":"","overlay-gradient":""},"tablet":{"background-color":"var(--ast-global-color-4)","background-image":"","background-repeat":"repeat","background-position":"center center","background-size":"auto","background-attachment":"scroll","background-type":"","background-media":"","overlay-type":"","overlay-color":"","overlay-opacity":"","overlay-gradient":""},"mobile":{"background-color":"var(--ast-global-color-4)","background-image":"","background-repeat":"repeat","background-position":"center center","background-size":"auto","background-attachment":"scroll","background-type":"","background-media":"","overlay-type":"","overlay-color":"","overlay-opacity":"","overlay-gradient":""}},"_EventAllDay":false,"_EventTimezone":"","_EventStartDate":"","_EventEndDate":"","_EventStartDateUTC":"","_EventEndDateUTC":"","_EventShowMap":false,"_EventShowMapLink":false,"_EventURL":"","_EventCost":"","_EventCostDescription":"","_EventCurrencySymbol":"","_EventCurrencyCode":"","_EventCurrencyPosition":"","_EventDateTimeSeparator":"","_EventTimeRangeSeparator":"","_EventOrganizerID":[],"_EventVenueID":[],"_OrganizerEmail":"","_OrganizerPhone":"","_OrganizerWebsite":"","_VenueAddress":"","_VenueCity":"","_VenueCountry":"","_VenueProvince":"","_VenueState":"","_VenueZip":"","_VenuePhone":"","_VenueURL":"","_VenueStateProvince":"","_VenueLat":"","_VenueLng":"","_VenueShowMap":false,"_VenueShowMapLink":false,"footnotes":""},"class_list":["post-136","page","type-page","status-publish","hentry"],"acf":[],"_links":{"self":[{"href":"https:\/\/ccsp.wpdev0.koumbit.net\/index.php\/wp-json\/wp\/v2\/pages\/136","targetHints":{"allow":["GET"]}}],"collection":[{"href":"https:\/\/ccsp.wpdev0.koumbit.net\/index.php\/wp-json\/wp\/v2\/pages"}],"about":[{"href":"https:\/\/ccsp.wpdev0.koumbit.net\/index.php\/wp-json\/wp\/v2\/types\/page"}],"author":[{"embeddable":true,"href":"https:\/\/ccsp.wpdev0.koumbit.net\/index.php\/wp-json\/wp\/v2\/users\/1"}],"replies":[{"embeddable":true,"href":"https:\/\/ccsp.wpdev0.koumbit.net\/index.php\/wp-json\/wp\/v2\/comments?post=136"}],"version-history":[{"count":7,"href":"https:\/\/ccsp.wpdev0.koumbit.net\/index.php\/wp-json\/wp\/v2\/pages\/136\/revisions"}],"predecessor-version":[{"id":698,"href":"https:\/\/ccsp.wpdev0.koumbit.net\/index.php\/wp-json\/wp\/v2\/pages\/136\/revisions\/698"}],"wp:attachment":[{"href":"https:\/\/ccsp.wpdev0.koumbit.net\/index.php\/wp-json\/wp\/v2\/media?parent=136"}],"curies":[{"name":"wp","href":"https:\/\/api.w.org\/{rel}","templated":true}]}}