{"id":139,"date":"2025-11-12T09:02:21","date_gmt":"2025-11-12T14:02:21","guid":{"rendered":"http:\/\/ccsp.wpdev0.koumbit.net\/?page_id=139"},"modified":"2026-01-29T12:34:57","modified_gmt":"2026-01-29T17:34:57","slug":"causerie-et-partage","status":"publish","type":"page","link":"https:\/\/ccsp.wpdev0.koumbit.net\/index.php\/causerie-et-partage\/","title":{"rendered":"Causeries-info ain\u00e9.e"},"content":{"rendered":"\n<p>En cr\u00e9ant un espace de dialogue inclusif et s\u00e9curitaire, le projet cherche \u00e0 <strong>sensibiliser la communaut\u00e9<\/strong> aux enjeux actuels et au vieillissement, tout en facilitant le lien entre les citoyens et les citoyennes et les ressources disponibles.<\/p>\n\n\n\n<div class=\"wp-block-media-text has-media-on-the-right is-stacked-on-mobile\"><div class=\"wp-block-media-text__content\">\n<p>Men\u00e9 dans le cadre de l&rsquo;initiative <strong>\u00ab\u00a0Vieillir dans notre quartier\u00a0\u00bb<\/strong>, ce programme est rendu possible gr\u00e2ce au financement de :<\/p>\n<\/div><figure class=\"wp-block-media-text__media\"><img loading=\"lazy\" decoding=\"async\" width=\"300\" height=\"84\" src=\"https:\/\/ccsp.wpdev0.koumbit.net\/wp-content\/uploads\/2026\/01\/logo-Mission-inclusion-1.jpg\" alt=\"\" class=\"wp-image-493 size-full\"\/><\/figure><\/div>\n","protected":false},"excerpt":{"rendered":"<p>En cr\u00e9ant un espace de dialogue inclusif et s\u00e9curitaire, le projet cherche \u00e0 sensibiliser la communaut\u00e9 aux enjeux actuels et au vieillissement, tout en facilitant le lien entre les citoyens [&hellip;]<\/p>\n","protected":false},"author":1,"featured_media":0,"parent":0,"menu_order":0,"comment_status":"closed","ping_status":"closed","template":"","meta":{"_acf_changed":false,"site-sidebar-layout":"default","site-content-layout":"","ast-site-content-layout":"default","site-content-style":"default","site-sidebar-style":"default","ast-global-header-display":"","ast-banner-title-visibility":"","ast-main-header-display":"","ast-hfb-above-header-display":"","ast-hfb-below-header-display":"","ast-hfb-mobile-header-display":"","site-post-title":"","ast-breadcrumbs-content":"","ast-featured-img":"","footer-sml-layout":"","ast-disable-related-posts":"","theme-transparent-header-meta":"","adv-header-id-meta":"","stick-header-meta":"","header-above-stick-meta":"","header-main-stick-meta":"","header-below-stick-meta":"","astra-migrate-meta-layouts":"default","ast-page-background-enabled":"default","ast-page-background-meta":{"desktop":{"background-color":"var(--ast-global-color-5)","background-image":"","background-repeat":"repeat","background-position":"center center","background-size":"auto","background-attachment":"scroll","background-type":"","background-media":"","overlay-type":"","overlay-color":"","overlay-opacity":"","overlay-gradient":""},"tablet":{"background-color":"","background-image":"","background-repeat":"repeat","background-position":"center center","background-size":"auto","background-attachment":"scroll","background-type":"","background-media":"","overlay-type":"","overlay-color":"","overlay-opacity":"","overlay-gradient":""},"mobile":{"background-color":"","background-image":"","background-repeat":"repeat","background-position":"center center","background-size":"auto","background-attachment":"scroll","background-type":"","background-media":"","overlay-type":"","overlay-color":"","overlay-opacity":"","overlay-gradient":""}},"ast-content-background-meta":{"desktop":{"background-color":"var(--ast-global-color-4)","background-image":"","background-repeat":"repeat","background-position":"center center","background-size":"auto","background-attachment":"scroll","background-type":"","background-media":"","overlay-type":"","overlay-color":"","overlay-opacity":"","overlay-gradient":""},"tablet":{"background-color":"var(--ast-global-color-4)","background-image":"","background-repeat":"repeat","background-position":"center center","background-size":"auto","background-attachment":"scroll","background-type":"","background-media":"","overlay-type":"","overlay-color":"","overlay-opacity":"","overlay-gradient":""},"mobile":{"background-color":"var(--ast-global-color-4)","background-image":"","background-repeat":"repeat","background-position":"center center","background-size":"auto","background-attachment":"scroll","background-type":"","background-media":"","overlay-type":"","overlay-color":"","overlay-opacity":"","overlay-gradient":""}},"_EventAllDay":false,"_EventTimezone":"","_EventStartDate":"","_EventEndDate":"","_EventStartDateUTC":"","_EventEndDateUTC":"","_EventShowMap":false,"_EventShowMapLink":false,"_EventURL":"","_EventCost":"","_EventCostDescription":"","_EventCurrencySymbol":"","_EventCurrencyCode":"","_EventCurrencyPosition":"","_EventDateTimeSeparator":"","_EventTimeRangeSeparator":"","_EventOrganizerID":[],"_EventVenueID":[],"_OrganizerEmail":"","_OrganizerPhone":"","_OrganizerWebsite":"","_VenueAddress":"","_VenueCity":"","_VenueCountry":"","_VenueProvince":"","_VenueState":"","_VenueZip":"","_VenuePhone":"","_VenueURL":"","_VenueStateProvince":"","_VenueLat":"","_VenueLng":"","_VenueShowMap":false,"_VenueShowMapLink":false,"footnotes":""},"class_list":["post-139","page","type-page","status-publish","hentry"],"acf":[],"_links":{"self":[{"href":"https:\/\/ccsp.wpdev0.koumbit.net\/index.php\/wp-json\/wp\/v2\/pages\/139","targetHints":{"allow":["GET"]}}],"collection":[{"href":"https:\/\/ccsp.wpdev0.koumbit.net\/index.php\/wp-json\/wp\/v2\/pages"}],"about":[{"href":"https:\/\/ccsp.wpdev0.koumbit.net\/index.php\/wp-json\/wp\/v2\/types\/page"}],"author":[{"embeddable":true,"href":"https:\/\/ccsp.wpdev0.koumbit.net\/index.php\/wp-json\/wp\/v2\/users\/1"}],"replies":[{"embeddable":true,"href":"https:\/\/ccsp.wpdev0.koumbit.net\/index.php\/wp-json\/wp\/v2\/comments?post=139"}],"version-history":[{"count":5,"href":"https:\/\/ccsp.wpdev0.koumbit.net\/index.php\/wp-json\/wp\/v2\/pages\/139\/revisions"}],"predecessor-version":[{"id":733,"href":"https:\/\/ccsp.wpdev0.koumbit.net\/index.php\/wp-json\/wp\/v2\/pages\/139\/revisions\/733"}],"wp:attachment":[{"href":"https:\/\/ccsp.wpdev0.koumbit.net\/index.php\/wp-json\/wp\/v2\/media?parent=139"}],"curies":[{"name":"wp","href":"https:\/\/api.w.org\/{rel}","templated":true}]}}