{"id":140,"date":"2025-11-12T09:02:47","date_gmt":"2025-11-12T14:02:47","guid":{"rendered":"http:\/\/ccsp.wpdev0.koumbit.net\/?page_id=140"},"modified":"2026-01-31T22:11:59","modified_gmt":"2026-02-01T03:11:59","slug":"activites-familiales","status":"publish","type":"page","link":"https:\/\/ccsp.wpdev0.koumbit.net\/index.php\/activites-familiales\/","title":{"rendered":"Activit\u00e9s familiales"},"content":{"rendered":"\n<p>Nous facilitons l\u2019acc\u00e8s des familles \u00e0 des activit\u00e9s vari\u00e9es. En encourageant la mixit\u00e9 interg\u00e9n\u00e9rationnelle, nous renfor\u00e7ons la coh\u00e9sion sociale et la fiert\u00e9 d&rsquo;habiter notre quartier. Ces moments de partage favorisent une collaboration \u00e9troite entre parents et  nos intervenant.es garantissant aux enfants un soutien communautaire solide et empreint de bienveillance.<\/p>\n\n\n\n<figure class=\"wp-block-gallery has-nested-images columns-default is-cropped wp-block-gallery-1 is-layout-flex wp-block-gallery-is-layout-flex\">\n<figure class=\"wp-block-image size-large\"><img loading=\"lazy\" decoding=\"async\" width=\"1024\" height=\"768\" data-id=\"777\" src=\"https:\/\/ccsp.wpdev0.koumbit.net\/wp-content\/uploads\/2026\/01\/activtie-1024x768.jpeg\" alt=\"\" class=\"wp-image-777\" srcset=\"https:\/\/ccsp.wpdev0.koumbit.net\/wp-content\/uploads\/2026\/01\/activtie-1024x768.jpeg 1024w, https:\/\/ccsp.wpdev0.koumbit.net\/wp-content\/uploads\/2026\/01\/activtie-300x225.jpeg 300w, https:\/\/ccsp.wpdev0.koumbit.net\/wp-content\/uploads\/2026\/01\/activtie-768x576.jpeg 768w, https:\/\/ccsp.wpdev0.koumbit.net\/wp-content\/uploads\/2026\/01\/activtie-1536x1152.jpeg 1536w, https:\/\/ccsp.wpdev0.koumbit.net\/wp-content\/uploads\/2026\/01\/activtie.jpeg 2048w\" sizes=\"auto, (max-width: 1024px) 100vw, 1024px\" \/><\/figure>\n\n\n\n<figure class=\"wp-block-image size-large\"><img loading=\"lazy\" decoding=\"async\" width=\"768\" height=\"1024\" data-id=\"778\" src=\"https:\/\/ccsp.wpdev0.koumbit.net\/wp-content\/uploads\/2026\/01\/activite-2-768x1024.jpeg\" alt=\"\" class=\"wp-image-778\" srcset=\"https:\/\/ccsp.wpdev0.koumbit.net\/wp-content\/uploads\/2026\/01\/activite-2-768x1024.jpeg 768w, https:\/\/ccsp.wpdev0.koumbit.net\/wp-content\/uploads\/2026\/01\/activite-2-225x300.jpeg 225w, https:\/\/ccsp.wpdev0.koumbit.net\/wp-content\/uploads\/2026\/01\/activite-2-1152x1536.jpeg 1152w, https:\/\/ccsp.wpdev0.koumbit.net\/wp-content\/uploads\/2026\/01\/activite-2.jpeg 1536w\" sizes=\"auto, (max-width: 768px) 100vw, 768px\" \/><\/figure>\n<\/figure>\n\n\n\n<p><\/p>\n","protected":false},"excerpt":{"rendered":"<p>Nous facilitons l\u2019acc\u00e8s des familles \u00e0 des activit\u00e9s vari\u00e9es. En encourageant la mixit\u00e9 interg\u00e9n\u00e9rationnelle, nous renfor\u00e7ons la coh\u00e9sion sociale et la fiert\u00e9 d&rsquo;habiter notre quartier. Ces moments de partage favorisent [&hellip;]<\/p>\n","protected":false},"author":1,"featured_media":0,"parent":0,"menu_order":0,"comment_status":"closed","ping_status":"closed","template":"","meta":{"_acf_changed":false,"site-sidebar-layout":"default","site-content-layout":"","ast-site-content-layout":"default","site-content-style":"default","site-sidebar-style":"default","ast-global-header-display":"","ast-banner-title-visibility":"","ast-main-header-display":"","ast-hfb-above-header-display":"","ast-hfb-below-header-display":"","ast-hfb-mobile-header-display":"","site-post-title":"","ast-breadcrumbs-content":"","ast-featured-img":"","footer-sml-layout":"","ast-disable-related-posts":"","theme-transparent-header-meta":"","adv-header-id-meta":"","stick-header-meta":"","header-above-stick-meta":"","header-main-stick-meta":"","header-below-stick-meta":"","astra-migrate-meta-layouts":"default","ast-page-background-enabled":"default","ast-page-background-meta":{"desktop":{"background-color":"var(--ast-global-color-5)","background-image":"","background-repeat":"repeat","background-position":"center center","background-size":"auto","background-attachment":"scroll","background-type":"","background-media":"","overlay-type":"","overlay-color":"","overlay-opacity":"","overlay-gradient":""},"tablet":{"background-color":"","background-image":"","background-repeat":"repeat","background-position":"center center","background-size":"auto","background-attachment":"scroll","background-type":"","background-media":"","overlay-type":"","overlay-color":"","overlay-opacity":"","overlay-gradient":""},"mobile":{"background-color":"","background-image":"","background-repeat":"repeat","background-position":"center center","background-size":"auto","background-attachment":"scroll","background-type":"","background-media":"","overlay-type":"","overlay-color":"","overlay-opacity":"","overlay-gradient":""}},"ast-content-background-meta":{"desktop":{"background-color":"var(--ast-global-color-4)","background-image":"","background-repeat":"repeat","background-position":"center center","background-size":"auto","background-attachment":"scroll","background-type":"","background-media":"","overlay-type":"","overlay-color":"","overlay-opacity":"","overlay-gradient":""},"tablet":{"background-color":"var(--ast-global-color-4)","background-image":"","background-repeat":"repeat","background-position":"center center","background-size":"auto","background-attachment":"scroll","background-type":"","background-media":"","overlay-type":"","overlay-color":"","overlay-opacity":"","overlay-gradient":""},"mobile":{"background-color":"var(--ast-global-color-4)","background-image":"","background-repeat":"repeat","background-position":"center center","background-size":"auto","background-attachment":"scroll","background-type":"","background-media":"","overlay-type":"","overlay-color":"","overlay-opacity":"","overlay-gradient":""}},"_EventAllDay":false,"_EventTimezone":"","_EventStartDate":"","_EventEndDate":"","_EventStartDateUTC":"","_EventEndDateUTC":"","_EventShowMap":false,"_EventShowMapLink":false,"_EventURL":"","_EventCost":"","_EventCostDescription":"","_EventCurrencySymbol":"","_EventCurrencyCode":"","_EventCurrencyPosition":"","_EventDateTimeSeparator":"","_EventTimeRangeSeparator":"","_EventOrganizerID":[],"_EventVenueID":[],"_OrganizerEmail":"","_OrganizerPhone":"","_OrganizerWebsite":"","_VenueAddress":"","_VenueCity":"","_VenueCountry":"","_VenueProvince":"","_VenueState":"","_VenueZip":"","_VenuePhone":"","_VenueURL":"","_VenueStateProvince":"","_VenueLat":"","_VenueLng":"","_VenueShowMap":false,"_VenueShowMapLink":false,"footnotes":""},"class_list":["post-140","page","type-page","status-publish","hentry"],"acf":[],"_links":{"self":[{"href":"https:\/\/ccsp.wpdev0.koumbit.net\/index.php\/wp-json\/wp\/v2\/pages\/140","targetHints":{"allow":["GET"]}}],"collection":[{"href":"https:\/\/ccsp.wpdev0.koumbit.net\/index.php\/wp-json\/wp\/v2\/pages"}],"about":[{"href":"https:\/\/ccsp.wpdev0.koumbit.net\/index.php\/wp-json\/wp\/v2\/types\/page"}],"author":[{"embeddable":true,"href":"https:\/\/ccsp.wpdev0.koumbit.net\/index.php\/wp-json\/wp\/v2\/users\/1"}],"replies":[{"embeddable":true,"href":"https:\/\/ccsp.wpdev0.koumbit.net\/index.php\/wp-json\/wp\/v2\/comments?post=140"}],"version-history":[{"count":8,"href":"https:\/\/ccsp.wpdev0.koumbit.net\/index.php\/wp-json\/wp\/v2\/pages\/140\/revisions"}],"predecessor-version":[{"id":782,"href":"https:\/\/ccsp.wpdev0.koumbit.net\/index.php\/wp-json\/wp\/v2\/pages\/140\/revisions\/782"}],"wp:attachment":[{"href":"https:\/\/ccsp.wpdev0.koumbit.net\/index.php\/wp-json\/wp\/v2\/media?parent=140"}],"curies":[{"name":"wp","href":"https:\/\/api.w.org\/{rel}","templated":true}]}}