{"id":146,"date":"2025-11-12T09:03:32","date_gmt":"2025-11-12T14:03:32","guid":{"rendered":"http:\/\/ccsp.wpdev0.koumbit.net\/?page_id=146"},"modified":"2026-01-14T14:29:45","modified_gmt":"2026-01-14T19:29:45","slug":"le-centre-de-soir-enfants","status":"publish","type":"page","link":"https:\/\/ccsp.wpdev0.koumbit.net\/index.php\/le-centre-de-soir-enfants\/","title":{"rendered":"Le Centre de Soir-Enfants"},"content":{"rendered":"\n<p>Le Centre de soir &#8211; Enfants est un lieu d\u2019accueil et d\u2019expression pour les enfants de la communaut\u00e9, et ce, en dehors des p\u00e9riodes scolaires. C\u2019est un milieu s\u00e9curitaire o\u00f9 des adultes responsables cr\u00e9ent des liens significatifs avec les enfants, les accompagnent et les soutiennent dans leur d\u00e9veloppement, tout en tenant compte de leur environnement.<\/p>\n\n\n\n<p><strong>Les objectifs:<\/strong><\/p>\n\n\n\n<p>\u00b7Renforcer les conditions qui favorisent le d\u00e9veloppement optimal des enfants de 6 \u00e0 12 ans dans leur communaut\u00e9 ;<\/p>\n\n\n\n<p>\u00b7R\u00e9duire la d\u00e9tresse psychologique chez les enfants ;<\/p>\n\n\n\n<p>\u00b7Favoriser la r\u00e9ussite sociale et scolaire des enfants ;<\/p>\n\n\n\n<p>\u00b7Pr\u00e9venir le d\u00e9crochage scolaire, la marginalisation et la d\u00e9linquance.<\/p>\n\n\n\n<p>L<strong>es objectifs sp\u00e9cifiques:<\/strong><\/p>\n\n\n\n<p>\u00b7Augmenter l\u2019estime de soi des enfants ;<\/p>\n\n\n\n<p>\u00b7D\u00e9velopper leurs comp\u00e9tences personnelles, sociales et scolaires ;<\/p>\n\n\n\n<p>\u00b7Favoriser la communication parents\/enfants ;<\/p>\n\n\n\n<p>\u00b7Renforcer les parents dans leurs habilet\u00e9s parentales ;<\/p>\n\n\n\n<p>\u00b7\u00c9tablir des m\u00e9canismes de concertation et de partenariat entre la famille, l\u2019\u00e9cole, la municipalit\u00e9 et les diff\u00e9rents organismes communautaires et publics.<\/p>\n\n\n\n<p><\/p>\n","protected":false},"excerpt":{"rendered":"<p>Le Centre de soir &#8211; Enfants est un lieu d\u2019accueil et d\u2019expression pour les enfants de la communaut\u00e9, et ce, en dehors des p\u00e9riodes scolaires. C\u2019est un milieu s\u00e9curitaire o\u00f9 [&hellip;]<\/p>\n","protected":false},"author":1,"featured_media":0,"parent":0,"menu_order":0,"comment_status":"closed","ping_status":"closed","template":"","meta":{"_acf_changed":false,"site-sidebar-layout":"default","site-content-layout":"","ast-site-content-layout":"default","site-content-style":"default","site-sidebar-style":"default","ast-global-header-display":"","ast-banner-title-visibility":"","ast-main-header-display":"","ast-hfb-above-header-display":"","ast-hfb-below-header-display":"","ast-hfb-mobile-header-display":"","site-post-title":"","ast-breadcrumbs-content":"","ast-featured-img":"","footer-sml-layout":"","ast-disable-related-posts":"","theme-transparent-header-meta":"","adv-header-id-meta":"","stick-header-meta":"","header-above-stick-meta":"","header-main-stick-meta":"","header-below-stick-meta":"","astra-migrate-meta-layouts":"default","ast-page-background-enabled":"default","ast-page-background-meta":{"desktop":{"background-color":"var(--ast-global-color-5)","background-image":"","background-repeat":"repeat","background-position":"center center","background-size":"auto","background-attachment":"scroll","background-type":"","background-media":"","overlay-type":"","overlay-color":"","overlay-opacity":"","overlay-gradient":""},"tablet":{"background-color":"","background-image":"","background-repeat":"repeat","background-position":"center center","background-size":"auto","background-attachment":"scroll","background-type":"","background-media":"","overlay-type":"","overlay-color":"","overlay-opacity":"","overlay-gradient":""},"mobile":{"background-color":"","background-image":"","background-repeat":"repeat","background-position":"center center","background-size":"auto","background-attachment":"scroll","background-type":"","background-media":"","overlay-type":"","overlay-color":"","overlay-opacity":"","overlay-gradient":""}},"ast-content-background-meta":{"desktop":{"background-color":"var(--ast-global-color-4)","background-image":"","background-repeat":"repeat","background-position":"center center","background-size":"auto","background-attachment":"scroll","background-type":"","background-media":"","overlay-type":"","overlay-color":"","overlay-opacity":"","overlay-gradient":""},"tablet":{"background-color":"var(--ast-global-color-4)","background-image":"","background-repeat":"repeat","background-position":"center center","background-size":"auto","background-attachment":"scroll","background-type":"","background-media":"","overlay-type":"","overlay-color":"","overlay-opacity":"","overlay-gradient":""},"mobile":{"background-color":"var(--ast-global-color-4)","background-image":"","background-repeat":"repeat","background-position":"center center","background-size":"auto","background-attachment":"scroll","background-type":"","background-media":"","overlay-type":"","overlay-color":"","overlay-opacity":"","overlay-gradient":""}},"_EventAllDay":false,"_EventTimezone":"","_EventStartDate":"","_EventEndDate":"","_EventStartDateUTC":"","_EventEndDateUTC":"","_EventShowMap":false,"_EventShowMapLink":false,"_EventURL":"","_EventCost":"","_EventCostDescription":"","_EventCurrencySymbol":"","_EventCurrencyCode":"","_EventCurrencyPosition":"","_EventDateTimeSeparator":"","_EventTimeRangeSeparator":"","_EventOrganizerID":[],"_EventVenueID":[],"_OrganizerEmail":"","_OrganizerPhone":"","_OrganizerWebsite":"","_VenueAddress":"","_VenueCity":"","_VenueCountry":"","_VenueProvince":"","_VenueState":"","_VenueZip":"","_VenuePhone":"","_VenueURL":"","_VenueStateProvince":"","_VenueLat":"","_VenueLng":"","_VenueShowMap":false,"_VenueShowMapLink":false,"footnotes":""},"class_list":["post-146","page","type-page","status-publish","hentry"],"acf":[],"_links":{"self":[{"href":"https:\/\/ccsp.wpdev0.koumbit.net\/index.php\/wp-json\/wp\/v2\/pages\/146","targetHints":{"allow":["GET"]}}],"collection":[{"href":"https:\/\/ccsp.wpdev0.koumbit.net\/index.php\/wp-json\/wp\/v2\/pages"}],"about":[{"href":"https:\/\/ccsp.wpdev0.koumbit.net\/index.php\/wp-json\/wp\/v2\/types\/page"}],"author":[{"embeddable":true,"href":"https:\/\/ccsp.wpdev0.koumbit.net\/index.php\/wp-json\/wp\/v2\/users\/1"}],"replies":[{"embeddable":true,"href":"https:\/\/ccsp.wpdev0.koumbit.net\/index.php\/wp-json\/wp\/v2\/comments?post=146"}],"version-history":[{"count":2,"href":"https:\/\/ccsp.wpdev0.koumbit.net\/index.php\/wp-json\/wp\/v2\/pages\/146\/revisions"}],"predecessor-version":[{"id":401,"href":"https:\/\/ccsp.wpdev0.koumbit.net\/index.php\/wp-json\/wp\/v2\/pages\/146\/revisions\/401"}],"wp:attachment":[{"href":"https:\/\/ccsp.wpdev0.koumbit.net\/index.php\/wp-json\/wp\/v2\/media?parent=146"}],"curies":[{"name":"wp","href":"https:\/\/api.w.org\/{rel}","templated":true}]}}