{"id":154,"date":"2025-11-12T09:05:17","date_gmt":"2025-11-12T14:05:17","guid":{"rendered":"http:\/\/ccsp.wpdev0.koumbit.net\/?page_id=154"},"modified":"2026-01-14T18:17:43","modified_gmt":"2026-01-14T23:17:43","slug":"soutenir-les-personnes-en-situation-de-vulnerabilite","status":"publish","type":"page","link":"https:\/\/ccsp.wpdev0.koumbit.net\/index.php\/soutenir-les-personnes-en-situation-de-vulnerabilite\/","title":{"rendered":"Conseil d&rsquo;administration (2025-2026)"},"content":{"rendered":"\n<p>( La Briquade ,  septembre 2025  num\u00e9ro  91) Le 18 juin 2026, la 26\u00e8me Assembl\u00e9e G\u00e9n\u00e9rale Annuelle (AGA) du Carrefour s&rsquo;est d\u00e9roul\u00e9e en pr\u00e9sence de M. Michel Tremblay, conseiller municipal de la ville de Saguenay, qui a partag\u00e9 des informations sur le r\u00e9am\u00e9nagement du parc Cimon.<\/p>\n\n\n\n<p>Lors de cette assembl\u00e9e, nous avons rendu hommage \u00e0 M. Alain Tremblay (au centre de la photo) pour son d\u00e9vouement exceptionnel au sein de l&rsquo;organisation pendant pr\u00e8s de 25 ans. \u00c0 l&rsquo;issue de son mandat, il a annonc\u00e9 son intention de se retirer.<\/p>\n\n\n\n<p>Nous tenons \u00e9galement \u00e0 exprimer notre profonde gratitude \u00e0 M. R\u00e9jean Valli\u00e8re (\u00e0 droite), qui a choisi de ne pas solliciter un nouveau mandat.<\/p>\n\n\n\n<p>Nous vous remercions tous les deux pour vos nombreuses ann\u00e9es au sein du Conseil d&rsquo;administration et pour l&rsquo;engagement continu que vous apporterez \u00e0 notre organisation.<\/p>\n\n\n\n<p>Deux nouveaux administrateurs, administratrices, Liselotte R. Alvarez et Guillaume Lessard, ont \u00e9t\u00e9 \u00e9lus pour un mandat de deux ans. Ont \u00e9galement \u00e9t\u00e9 r\u00e9\u00e9lues au Conseil d&rsquo;administration Ginette M\u00e9th\u00e9 (partiellement visible), Lise Leclerc (en robe) et Andr\u00e9anne Dorval, absente sur la photo. Le Conseil d&rsquo;administration est compl\u00e9t\u00e9 par Marlene Parizeau (\u00e0 gauche sur la photo) et Line Dub\u00e9 (de profil), dont il reste un an de mandat.<\/p>\n\n\n\n<figure class=\"wp-block-image aligncenter size-large\"><img loading=\"lazy\" decoding=\"async\" width=\"1024\" height=\"768\" src=\"https:\/\/ccsp.wpdev0.koumbit.net\/wp-content\/uploads\/2026\/01\/509957559_4165344837123749_5959993893759739358_n-1024x768.jpg\" alt=\"\" class=\"wp-image-458\" srcset=\"https:\/\/ccsp.wpdev0.koumbit.net\/wp-content\/uploads\/2026\/01\/509957559_4165344837123749_5959993893759739358_n-1024x768.jpg 1024w, https:\/\/ccsp.wpdev0.koumbit.net\/wp-content\/uploads\/2026\/01\/509957559_4165344837123749_5959993893759739358_n-300x225.jpg 300w, https:\/\/ccsp.wpdev0.koumbit.net\/wp-content\/uploads\/2026\/01\/509957559_4165344837123749_5959993893759739358_n-768x576.jpg 768w, https:\/\/ccsp.wpdev0.koumbit.net\/wp-content\/uploads\/2026\/01\/509957559_4165344837123749_5959993893759739358_n-1536x1152.jpg 1536w, https:\/\/ccsp.wpdev0.koumbit.net\/wp-content\/uploads\/2026\/01\/509957559_4165344837123749_5959993893759739358_n.jpg 2048w\" sizes=\"auto, (max-width: 1024px) 100vw, 1024px\" \/><\/figure>\n","protected":false},"excerpt":{"rendered":"<p>( La Briquade , septembre 2025 num\u00e9ro 91) Le 18 juin 2026, la 26\u00e8me Assembl\u00e9e G\u00e9n\u00e9rale Annuelle (AGA) du Carrefour s&rsquo;est d\u00e9roul\u00e9e en pr\u00e9sence de M. Michel Tremblay, conseiller municipal [&hellip;]<\/p>\n","protected":false},"author":1,"featured_media":0,"parent":0,"menu_order":0,"comment_status":"closed","ping_status":"closed","template":"","meta":{"_acf_changed":false,"site-sidebar-layout":"default","site-content-layout":"","ast-site-content-layout":"default","site-content-style":"default","site-sidebar-style":"default","ast-global-header-display":"","ast-banner-title-visibility":"","ast-main-header-display":"","ast-hfb-above-header-display":"","ast-hfb-below-header-display":"","ast-hfb-mobile-header-display":"","site-post-title":"","ast-breadcrumbs-content":"","ast-featured-img":"","footer-sml-layout":"","ast-disable-related-posts":"","theme-transparent-header-meta":"","adv-header-id-meta":"","stick-header-meta":"","header-above-stick-meta":"","header-main-stick-meta":"","header-below-stick-meta":"","astra-migrate-meta-layouts":"default","ast-page-background-enabled":"default","ast-page-background-meta":{"desktop":{"background-color":"var(--ast-global-color-5)","background-image":"","background-repeat":"repeat","background-position":"center center","background-size":"auto","background-attachment":"scroll","background-type":"","background-media":"","overlay-type":"","overlay-color":"","overlay-opacity":"","overlay-gradient":""},"tablet":{"background-color":"","background-image":"","background-repeat":"repeat","background-position":"center center","background-size":"auto","background-attachment":"scroll","background-type":"","background-media":"","overlay-type":"","overlay-color":"","overlay-opacity":"","overlay-gradient":""},"mobile":{"background-color":"","background-image":"","background-repeat":"repeat","background-position":"center center","background-size":"auto","background-attachment":"scroll","background-type":"","background-media":"","overlay-type":"","overlay-color":"","overlay-opacity":"","overlay-gradient":""}},"ast-content-background-meta":{"desktop":{"background-color":"var(--ast-global-color-4)","background-image":"","background-repeat":"repeat","background-position":"center center","background-size":"auto","background-attachment":"scroll","background-type":"","background-media":"","overlay-type":"","overlay-color":"","overlay-opacity":"","overlay-gradient":""},"tablet":{"background-color":"var(--ast-global-color-4)","background-image":"","background-repeat":"repeat","background-position":"center center","background-size":"auto","background-attachment":"scroll","background-type":"","background-media":"","overlay-type":"","overlay-color":"","overlay-opacity":"","overlay-gradient":""},"mobile":{"background-color":"var(--ast-global-color-4)","background-image":"","background-repeat":"repeat","background-position":"center center","background-size":"auto","background-attachment":"scroll","background-type":"","background-media":"","overlay-type":"","overlay-color":"","overlay-opacity":"","overlay-gradient":""}},"_EventAllDay":false,"_EventTimezone":"","_EventStartDate":"","_EventEndDate":"","_EventStartDateUTC":"","_EventEndDateUTC":"","_EventShowMap":false,"_EventShowMapLink":false,"_EventURL":"","_EventCost":"","_EventCostDescription":"","_EventCurrencySymbol":"","_EventCurrencyCode":"","_EventCurrencyPosition":"","_EventDateTimeSeparator":"","_EventTimeRangeSeparator":"","_EventOrganizerID":[],"_EventVenueID":[],"_OrganizerEmail":"","_OrganizerPhone":"","_OrganizerWebsite":"","_VenueAddress":"","_VenueCity":"","_VenueCountry":"","_VenueProvince":"","_VenueState":"","_VenueZip":"","_VenuePhone":"","_VenueURL":"","_VenueStateProvince":"","_VenueLat":"","_VenueLng":"","_VenueShowMap":false,"_VenueShowMapLink":false,"footnotes":""},"class_list":["post-154","page","type-page","status-publish","hentry"],"acf":[],"_links":{"self":[{"href":"https:\/\/ccsp.wpdev0.koumbit.net\/index.php\/wp-json\/wp\/v2\/pages\/154","targetHints":{"allow":["GET"]}}],"collection":[{"href":"https:\/\/ccsp.wpdev0.koumbit.net\/index.php\/wp-json\/wp\/v2\/pages"}],"about":[{"href":"https:\/\/ccsp.wpdev0.koumbit.net\/index.php\/wp-json\/wp\/v2\/types\/page"}],"author":[{"embeddable":true,"href":"https:\/\/ccsp.wpdev0.koumbit.net\/index.php\/wp-json\/wp\/v2\/users\/1"}],"replies":[{"embeddable":true,"href":"https:\/\/ccsp.wpdev0.koumbit.net\/index.php\/wp-json\/wp\/v2\/comments?post=154"}],"version-history":[{"count":3,"href":"https:\/\/ccsp.wpdev0.koumbit.net\/index.php\/wp-json\/wp\/v2\/pages\/154\/revisions"}],"predecessor-version":[{"id":459,"href":"https:\/\/ccsp.wpdev0.koumbit.net\/index.php\/wp-json\/wp\/v2\/pages\/154\/revisions\/459"}],"wp:attachment":[{"href":"https:\/\/ccsp.wpdev0.koumbit.net\/index.php\/wp-json\/wp\/v2\/media?parent=154"}],"curies":[{"name":"wp","href":"https:\/\/api.w.org\/{rel}","templated":true}]}}