{"id":156,"date":"2025-11-12T09:04:38","date_gmt":"2025-11-12T14:04:38","guid":{"rendered":"http:\/\/ccsp.wpdev0.koumbit.net\/?page_id=156"},"modified":"2026-01-15T11:59:12","modified_gmt":"2026-01-15T16:59:12","slug":"comite-de-soutien","status":"publish","type":"page","link":"https:\/\/ccsp.wpdev0.koumbit.net\/index.php\/comite-de-soutien\/","title":{"rendered":"Comit\u00e9 de soutien"},"content":{"rendered":"\n<p>Le travail d&rsquo;animation de quartier s&rsquo;articule autour de la r\u00e9flexion et des \u00e9changes concernant divers projets ainsi que le d\u00e9veloppement global du quartier. Il a \u00e9t\u00e9 lanc\u00e9 avec la participation de six (6) personnes :<\/p>\n\n\n\n<ul class=\"wp-block-list\">\n<li><strong>Mme Fran\u00e7oise Gagnon<\/strong> (citoyenne du quartier)<\/li>\n\n\n\n<li><strong>M. Steve M\u00e9nard<\/strong> (citoyen du quartier)<\/li>\n\n\n\n<li><strong>Mme Ginette M\u00e9th\u00e9<\/strong> (membre du CA)<\/li>\n\n\n\n<li><strong>M. R\u00e9jean Valli\u00e8re<\/strong> (retrait\u00e9 du secteur public)<\/li>\n\n\n\n<li><strong>Mme Suzanne Tremblay <\/strong>(secteur public)<\/li>\n\n\n\n<li><strong>L\u2019\u00e9quipe<\/strong> de l\u2019Animation de quartier.<\/li>\n<\/ul>\n\n\n\n<p><\/p>\n","protected":false},"excerpt":{"rendered":"<p>Le travail d&rsquo;animation de quartier s&rsquo;articule autour de la r\u00e9flexion et des \u00e9changes concernant divers projets ainsi que le d\u00e9veloppement global du quartier. Il a \u00e9t\u00e9 lanc\u00e9 avec la participation [&hellip;]<\/p>\n","protected":false},"author":1,"featured_media":0,"parent":0,"menu_order":0,"comment_status":"closed","ping_status":"closed","template":"","meta":{"_acf_changed":false,"site-sidebar-layout":"default","site-content-layout":"","ast-site-content-layout":"default","site-content-style":"default","site-sidebar-style":"default","ast-global-header-display":"","ast-banner-title-visibility":"","ast-main-header-display":"","ast-hfb-above-header-display":"","ast-hfb-below-header-display":"","ast-hfb-mobile-header-display":"","site-post-title":"","ast-breadcrumbs-content":"","ast-featured-img":"","footer-sml-layout":"","ast-disable-related-posts":"","theme-transparent-header-meta":"","adv-header-id-meta":"","stick-header-meta":"","header-above-stick-meta":"","header-main-stick-meta":"","header-below-stick-meta":"","astra-migrate-meta-layouts":"default","ast-page-background-enabled":"default","ast-page-background-meta":{"desktop":{"background-color":"var(--ast-global-color-5)","background-image":"","background-repeat":"repeat","background-position":"center center","background-size":"auto","background-attachment":"scroll","background-type":"","background-media":"","overlay-type":"","overlay-color":"","overlay-opacity":"","overlay-gradient":""},"tablet":{"background-color":"","background-image":"","background-repeat":"repeat","background-position":"center center","background-size":"auto","background-attachment":"scroll","background-type":"","background-media":"","overlay-type":"","overlay-color":"","overlay-opacity":"","overlay-gradient":""},"mobile":{"background-color":"","background-image":"","background-repeat":"repeat","background-position":"center center","background-size":"auto","background-attachment":"scroll","background-type":"","background-media":"","overlay-type":"","overlay-color":"","overlay-opacity":"","overlay-gradient":""}},"ast-content-background-meta":{"desktop":{"background-color":"var(--ast-global-color-4)","background-image":"","background-repeat":"repeat","background-position":"center center","background-size":"auto","background-attachment":"scroll","background-type":"","background-media":"","overlay-type":"","overlay-color":"","overlay-opacity":"","overlay-gradient":""},"tablet":{"background-color":"var(--ast-global-color-4)","background-image":"","background-repeat":"repeat","background-position":"center center","background-size":"auto","background-attachment":"scroll","background-type":"","background-media":"","overlay-type":"","overlay-color":"","overlay-opacity":"","overlay-gradient":""},"mobile":{"background-color":"var(--ast-global-color-4)","background-image":"","background-repeat":"repeat","background-position":"center center","background-size":"auto","background-attachment":"scroll","background-type":"","background-media":"","overlay-type":"","overlay-color":"","overlay-opacity":"","overlay-gradient":""}},"_EventAllDay":false,"_EventTimezone":"","_EventStartDate":"","_EventEndDate":"","_EventStartDateUTC":"","_EventEndDateUTC":"","_EventShowMap":false,"_EventShowMapLink":false,"_EventURL":"","_EventCost":"","_EventCostDescription":"","_EventCurrencySymbol":"","_EventCurrencyCode":"","_EventCurrencyPosition":"","_EventDateTimeSeparator":"","_EventTimeRangeSeparator":"","_EventOrganizerID":[],"_EventVenueID":[],"_OrganizerEmail":"","_OrganizerPhone":"","_OrganizerWebsite":"","_VenueAddress":"","_VenueCity":"","_VenueCountry":"","_VenueProvince":"","_VenueState":"","_VenueZip":"","_VenuePhone":"","_VenueURL":"","_VenueStateProvince":"","_VenueLat":"","_VenueLng":"","_VenueShowMap":false,"_VenueShowMapLink":false,"footnotes":""},"class_list":["post-156","page","type-page","status-publish","hentry"],"acf":[],"_links":{"self":[{"href":"https:\/\/ccsp.wpdev0.koumbit.net\/index.php\/wp-json\/wp\/v2\/pages\/156","targetHints":{"allow":["GET"]}}],"collection":[{"href":"https:\/\/ccsp.wpdev0.koumbit.net\/index.php\/wp-json\/wp\/v2\/pages"}],"about":[{"href":"https:\/\/ccsp.wpdev0.koumbit.net\/index.php\/wp-json\/wp\/v2\/types\/page"}],"author":[{"embeddable":true,"href":"https:\/\/ccsp.wpdev0.koumbit.net\/index.php\/wp-json\/wp\/v2\/users\/1"}],"replies":[{"embeddable":true,"href":"https:\/\/ccsp.wpdev0.koumbit.net\/index.php\/wp-json\/wp\/v2\/comments?post=156"}],"version-history":[{"count":3,"href":"https:\/\/ccsp.wpdev0.koumbit.net\/index.php\/wp-json\/wp\/v2\/pages\/156\/revisions"}],"predecessor-version":[{"id":525,"href":"https:\/\/ccsp.wpdev0.koumbit.net\/index.php\/wp-json\/wp\/v2\/pages\/156\/revisions\/525"}],"wp:attachment":[{"href":"https:\/\/ccsp.wpdev0.koumbit.net\/index.php\/wp-json\/wp\/v2\/media?parent=156"}],"curies":[{"name":"wp","href":"https:\/\/api.w.org\/{rel}","templated":true}]}}