{"id":402,"date":"2026-01-14T14:41:20","date_gmt":"2026-01-14T19:41:20","guid":{"rendered":"https:\/\/ccsp.wpdev0.koumbit.net\/?page_id=402"},"modified":"2026-01-31T12:25:11","modified_gmt":"2026-01-31T17:25:11","slug":"foret-nourriciere-saint-paul","status":"publish","type":"page","link":"https:\/\/ccsp.wpdev0.koumbit.net\/index.php\/foret-nourriciere-saint-paul\/","title":{"rendered":"For\u00eat nourrici\u00e8re Saint-Paul"},"content":{"rendered":"\n<p>C&rsquo;est en 2015 que le Comit\u00e9 de valorisation du quartier Saint-Paul (CVQ), en collaboration avec Eureko, a entrepris l&rsquo;am\u00e9nagement de cet espace. Nich\u00e9 derri\u00e8re le club Sagym (420, rue Cimon). En transformant une friche urbaine en espace productif, ce projet favorise l&rsquo;engagement citoyen et le pouvoir d&rsquo;agir. En plus d&rsquo;offrir un acc\u00e8s libre \u00e0 des petits fruits frais pour le quartier, l&rsquo;initiative encourage la sant\u00e9 globale par une activit\u00e9 physique de plein air inclusive, soutenue par un \u00e9quipement adapt\u00e9 \u00e0 tous les profils.<\/p>\n\n\n\n<figure class=\"wp-block-gallery has-nested-images columns-default is-cropped wp-block-gallery-1 is-layout-flex wp-block-gallery-is-layout-flex\">\n<figure class=\"wp-block-image size-large\"><img loading=\"lazy\" decoding=\"async\" width=\"700\" height=\"700\" data-id=\"464\" src=\"https:\/\/ccsp.wpdev0.koumbit.net\/wp-content\/uploads\/2026\/01\/Forets-nourricieres_C1-HD.jpg\" alt=\"\" class=\"wp-image-464\" srcset=\"https:\/\/ccsp.wpdev0.koumbit.net\/wp-content\/uploads\/2026\/01\/Forets-nourricieres_C1-HD.jpg 700w, https:\/\/ccsp.wpdev0.koumbit.net\/wp-content\/uploads\/2026\/01\/Forets-nourricieres_C1-HD-300x300.jpg 300w, https:\/\/ccsp.wpdev0.koumbit.net\/wp-content\/uploads\/2026\/01\/Forets-nourricieres_C1-HD-150x150.jpg 150w\" sizes=\"auto, (max-width: 700px) 100vw, 700px\" \/><figcaption class=\"wp-element-caption\">L\u2019auteure y recense  des projets inspirants au Qu\u00e9bec, consacrant notamment plusieurs pages \u00e0 la for\u00eat nourrici\u00e8re du quartier Saint-Paul (l\u2019Initiative 4, p. 107-115).<\/figcaption><\/figure>\n\n\n\n<figure class=\"wp-block-image size-large\"><img loading=\"lazy\" decoding=\"async\" width=\"1024\" height=\"768\" data-id=\"405\" src=\"https:\/\/ccsp.wpdev0.koumbit.net\/wp-content\/uploads\/2026\/01\/519105070_1286667999647752_3915977951910998428_n-1024x768.jpg\" alt=\"\" class=\"wp-image-405\" srcset=\"https:\/\/ccsp.wpdev0.koumbit.net\/wp-content\/uploads\/2026\/01\/519105070_1286667999647752_3915977951910998428_n-1024x768.jpg 1024w, https:\/\/ccsp.wpdev0.koumbit.net\/wp-content\/uploads\/2026\/01\/519105070_1286667999647752_3915977951910998428_n-300x225.jpg 300w, https:\/\/ccsp.wpdev0.koumbit.net\/wp-content\/uploads\/2026\/01\/519105070_1286667999647752_3915977951910998428_n-768x576.jpg 768w, https:\/\/ccsp.wpdev0.koumbit.net\/wp-content\/uploads\/2026\/01\/519105070_1286667999647752_3915977951910998428_n-1536x1152.jpg 1536w, https:\/\/ccsp.wpdev0.koumbit.net\/wp-content\/uploads\/2026\/01\/519105070_1286667999647752_3915977951910998428_n.jpg 2048w\" sizes=\"auto, (max-width: 1024px) 100vw, 1024px\" \/><\/figure>\n\n\n\n<figure class=\"wp-block-image size-large\"><img loading=\"lazy\" decoding=\"async\" width=\"1024\" height=\"576\" data-id=\"702\" src=\"https:\/\/ccsp.wpdev0.koumbit.net\/wp-content\/uploads\/2026\/01\/452307462_1052445032893502_6991249746755444382_n-1024x576.jpg\" alt=\"\" class=\"wp-image-702\" srcset=\"https:\/\/ccsp.wpdev0.koumbit.net\/wp-content\/uploads\/2026\/01\/452307462_1052445032893502_6991249746755444382_n-1024x576.jpg 1024w, https:\/\/ccsp.wpdev0.koumbit.net\/wp-content\/uploads\/2026\/01\/452307462_1052445032893502_6991249746755444382_n-300x169.jpg 300w, https:\/\/ccsp.wpdev0.koumbit.net\/wp-content\/uploads\/2026\/01\/452307462_1052445032893502_6991249746755444382_n-768x432.jpg 768w, https:\/\/ccsp.wpdev0.koumbit.net\/wp-content\/uploads\/2026\/01\/452307462_1052445032893502_6991249746755444382_n-1536x864.jpg 1536w, https:\/\/ccsp.wpdev0.koumbit.net\/wp-content\/uploads\/2026\/01\/452307462_1052445032893502_6991249746755444382_n.jpg 2048w\" sizes=\"auto, (max-width: 1024px) 100vw, 1024px\" \/><\/figure>\n\n\n\n<figure class=\"wp-block-image size-large\"><img loading=\"lazy\" decoding=\"async\" width=\"1024\" height=\"768\" data-id=\"770\" src=\"https:\/\/ccsp.wpdev0.koumbit.net\/wp-content\/uploads\/2026\/01\/516771419_2653792774826838_3250068258670549934_n-1024x768.jpg\" alt=\"\" class=\"wp-image-770\" srcset=\"https:\/\/ccsp.wpdev0.koumbit.net\/wp-content\/uploads\/2026\/01\/516771419_2653792774826838_3250068258670549934_n-1024x768.jpg 1024w, https:\/\/ccsp.wpdev0.koumbit.net\/wp-content\/uploads\/2026\/01\/516771419_2653792774826838_3250068258670549934_n-300x225.jpg 300w, https:\/\/ccsp.wpdev0.koumbit.net\/wp-content\/uploads\/2026\/01\/516771419_2653792774826838_3250068258670549934_n-768x576.jpg 768w, https:\/\/ccsp.wpdev0.koumbit.net\/wp-content\/uploads\/2026\/01\/516771419_2653792774826838_3250068258670549934_n-1536x1152.jpg 1536w, https:\/\/ccsp.wpdev0.koumbit.net\/wp-content\/uploads\/2026\/01\/516771419_2653792774826838_3250068258670549934_n.jpg 2048w\" sizes=\"auto, (max-width: 1024px) 100vw, 1024px\" \/><\/figure>\n\n\n\n<figure class=\"wp-block-image size-large\"><img loading=\"lazy\" decoding=\"async\" width=\"768\" height=\"1024\" data-id=\"769\" src=\"http:\/\/ccsp.wpdev0.koumbit.net\/wp-content\/uploads\/2026\/01\/361558589_293096736459812_5376098863447587824_n-768x1024.jpg\" alt=\"\" class=\"wp-image-769\" srcset=\"https:\/\/ccsp.wpdev0.koumbit.net\/wp-content\/uploads\/2026\/01\/361558589_293096736459812_5376098863447587824_n-768x1024.jpg 768w, https:\/\/ccsp.wpdev0.koumbit.net\/wp-content\/uploads\/2026\/01\/361558589_293096736459812_5376098863447587824_n-225x300.jpg 225w, https:\/\/ccsp.wpdev0.koumbit.net\/wp-content\/uploads\/2026\/01\/361558589_293096736459812_5376098863447587824_n-1152x1536.jpg 1152w, https:\/\/ccsp.wpdev0.koumbit.net\/wp-content\/uploads\/2026\/01\/361558589_293096736459812_5376098863447587824_n.jpg 1512w\" sizes=\"auto, (max-width: 768px) 100vw, 768px\" \/><\/figure>\n<\/figure>\n\n\n\n<p><\/p>\n\n\n\n<iframe src=\"https:\/\/www.google.com\/maps\/embed?pb=!1m18!1m12!1m3!1d5295.923485954007!2d-71.0849542205059!3d48.418878781107445!2m3!1f0!2f0!3f0!3m2!1i1024!2i768!4f13.1!3m3!1m2!1s0x4cc0273bbd006349%3A0x253e0f22419d5446!2s420%20Rue%20Cimon%2C%20Chicoutimi%2C%20QC%20G7J%202E2!5e0!3m2!1sfr!2sca!4v1768491295094!5m2!1sfr!2sca\" width=\"600\" height=\"450\" style=\"border:0;\" allowfullscreen=\"\" loading=\"lazy\" referrerpolicy=\"no-referrer-when-downgrade\"><\/iframe>\n","protected":false},"excerpt":{"rendered":"<p>C&rsquo;est en 2015 que le Comit\u00e9 de valorisation du quartier Saint-Paul (CVQ), en collaboration avec Eureko, a entrepris l&rsquo;am\u00e9nagement de cet espace. Nich\u00e9 derri\u00e8re le club Sagym (420, rue Cimon). [&hellip;]<\/p>\n","protected":false},"author":2,"featured_media":0,"parent":0,"menu_order":0,"comment_status":"closed","ping_status":"closed","template":"","meta":{"_acf_changed":false,"site-sidebar-layout":"default","site-content-layout":"","ast-site-content-layout":"default","site-content-style":"default","site-sidebar-style":"default","ast-global-header-display":"","ast-banner-title-visibility":"","ast-main-header-display":"","ast-hfb-above-header-display":"","ast-hfb-below-header-display":"","ast-hfb-mobile-header-display":"","site-post-title":"","ast-breadcrumbs-content":"","ast-featured-img":"","footer-sml-layout":"","ast-disable-related-posts":"","theme-transparent-header-meta":"","adv-header-id-meta":"","stick-header-meta":"","header-above-stick-meta":"","header-main-stick-meta":"","header-below-stick-meta":"","astra-migrate-meta-layouts":"default","ast-page-background-enabled":"default","ast-page-background-meta":{"desktop":{"background-color":"var(--ast-global-color-5)","background-image":"","background-repeat":"repeat","background-position":"center center","background-size":"auto","background-attachment":"scroll","background-type":"","background-media":"","overlay-type":"","overlay-color":"","overlay-opacity":"","overlay-gradient":""},"tablet":{"background-color":"","background-image":"","background-repeat":"repeat","background-position":"center center","background-size":"auto","background-attachment":"scroll","background-type":"","background-media":"","overlay-type":"","overlay-color":"","overlay-opacity":"","overlay-gradient":""},"mobile":{"background-color":"","background-image":"","background-repeat":"repeat","background-position":"center center","background-size":"auto","background-attachment":"scroll","background-type":"","background-media":"","overlay-type":"","overlay-color":"","overlay-opacity":"","overlay-gradient":""}},"ast-content-background-meta":{"desktop":{"background-color":"var(--ast-global-color-4)","background-image":"","background-repeat":"repeat","background-position":"center center","background-size":"auto","background-attachment":"scroll","background-type":"","background-media":"","overlay-type":"","overlay-color":"","overlay-opacity":"","overlay-gradient":""},"tablet":{"background-color":"var(--ast-global-color-4)","background-image":"","background-repeat":"repeat","background-position":"center center","background-size":"auto","background-attachment":"scroll","background-type":"","background-media":"","overlay-type":"","overlay-color":"","overlay-opacity":"","overlay-gradient":""},"mobile":{"background-color":"var(--ast-global-color-4)","background-image":"","background-repeat":"repeat","background-position":"center center","background-size":"auto","background-attachment":"scroll","background-type":"","background-media":"","overlay-type":"","overlay-color":"","overlay-opacity":"","overlay-gradient":""}},"_EventAllDay":false,"_EventTimezone":"","_EventStartDate":"","_EventEndDate":"","_EventStartDateUTC":"","_EventEndDateUTC":"","_EventShowMap":false,"_EventShowMapLink":false,"_EventURL":"","_EventCost":"","_EventCostDescription":"","_EventCurrencySymbol":"","_EventCurrencyCode":"","_EventCurrencyPosition":"","_EventDateTimeSeparator":"","_EventTimeRangeSeparator":"","_EventOrganizerID":[],"_EventVenueID":[],"_OrganizerEmail":"","_OrganizerPhone":"","_OrganizerWebsite":"","_VenueAddress":"","_VenueCity":"","_VenueCountry":"","_VenueProvince":"","_VenueState":"","_VenueZip":"","_VenuePhone":"","_VenueURL":"","_VenueStateProvince":"","_VenueLat":"","_VenueLng":"","_VenueShowMap":false,"_VenueShowMapLink":false,"footnotes":""},"class_list":["post-402","page","type-page","status-publish","hentry"],"acf":[],"_links":{"self":[{"href":"https:\/\/ccsp.wpdev0.koumbit.net\/index.php\/wp-json\/wp\/v2\/pages\/402","targetHints":{"allow":["GET"]}}],"collection":[{"href":"https:\/\/ccsp.wpdev0.koumbit.net\/index.php\/wp-json\/wp\/v2\/pages"}],"about":[{"href":"https:\/\/ccsp.wpdev0.koumbit.net\/index.php\/wp-json\/wp\/v2\/types\/page"}],"author":[{"embeddable":true,"href":"https:\/\/ccsp.wpdev0.koumbit.net\/index.php\/wp-json\/wp\/v2\/users\/2"}],"replies":[{"embeddable":true,"href":"https:\/\/ccsp.wpdev0.koumbit.net\/index.php\/wp-json\/wp\/v2\/comments?post=402"}],"version-history":[{"count":14,"href":"https:\/\/ccsp.wpdev0.koumbit.net\/index.php\/wp-json\/wp\/v2\/pages\/402\/revisions"}],"predecessor-version":[{"id":773,"href":"https:\/\/ccsp.wpdev0.koumbit.net\/index.php\/wp-json\/wp\/v2\/pages\/402\/revisions\/773"}],"wp:attachment":[{"href":"https:\/\/ccsp.wpdev0.koumbit.net\/index.php\/wp-json\/wp\/v2\/media?parent=402"}],"curies":[{"name":"wp","href":"https:\/\/api.w.org\/{rel}","templated":true}]}}